{"id":10,"date":"2010-06-08T07:02:00","date_gmt":"2010-06-08T07:02:00","guid":{"rendered":"http:\/\/phobosmoon.de\/?page_id=10"},"modified":"2014-07-17T06:24:16","modified_gmt":"2014-07-17T06:24:16","slug":"offenstall","status":"publish","type":"page","link":"https:\/\/phobosmoon.de\/?page_id=10","title":{"rendered":"Offenstall"},"content":{"rendered":"<div data-counters='true' data-style='circle' data-size='small' data-url='https:\/\/phobosmoon.de\/?page_id=10' data-title='Offenstall' class='linksalpha_container linksalpha_app_3'><a href='\/\/www.linksalpha.com\/share?network='facebook' class='linksalpha_icon_facebook'><\/a><a href='\/\/www.linksalpha.com\/share?network='twitter' class='linksalpha_icon_twitter'><\/a><\/div><p>Warum sollte ein Pferd im Offenstall und nicht wie es doch vielfach zu sehen ist in einer Box leben?<\/p>\n<p>Pferde sind ebend keine Menschen, sie leben in freier Wildbahn auch nicht in H\u00f6hlen.<\/p>\n<p>Pferde passen sich durch ein ausgefeiltes K\u00f6rpersystem gut unterschiedlichen Temperaturen an.<\/p>\n<p>Selbst hohe Temperaturst\u00fcrze stellen meist kein Problem dar.<a href=\"http:\/\/phobosmoon.de\/wp-content\/uploads\/2010\/06\/IMAG0589_1_1.jpg\" rel=\"lightbox[10]\"><img loading=\"lazy\" class=\"alignright size-medium wp-image-1104\" alt=\"IMAG0589_1_1\" src=\"http:\/\/phobosmoon.de\/wp-content\/uploads\/2010\/06\/IMAG0589_1_1-300x195.jpg\" width=\"300\" height=\"195\" srcset=\"https:\/\/phobosmoon.de\/wp-content\/uploads\/2010\/06\/IMAG0589_1_1-300x195.jpg 300w, https:\/\/phobosmoon.de\/wp-content\/uploads\/2010\/06\/IMAG0589_1_1-1024x666.jpg 1024w\" sizes=\"(max-width: 300px) 100vw, 300px\" \/><\/a><\/p>\n<p>Zur Offenstallhaltung geh\u00f6rt nat\u00fcrlich der Herdenverband. Als Flucht- und Herdentier ist es f\u00fcr das Pferd wichtig zusammen mit anderen Pferden zu sein, hier hat es Sicherheit durch die geregelte Herdenstruktur. In einer Box getrennt von anderen Pferden hat das rangniedrige Pferd weniger Sicherheit und der Herdenboss mehr Stress da er nicht mehr auf seine Herde aufpassen kann.<\/p>\n<p>&nbsp;<\/p>\n<p>&nbsp;<\/p>\n<p>Wer in Seevetal mit dem Pferd unterwegs ist kann gerne einen Blick auf<\/p>\n<p>unsere Reitwege riskieren:<\/p>\n<p><iframe loading=\"lazy\" src=\"https:\/\/mapsengine.google.com\/map\/embed?mid=zN718cWEfiCY.kMKNFE4ClIAc\" width=\"640\" height=\"480\"><\/iframe><\/p>\n<div data-position='top' data-url='https:\/\/phobosmoon.de\/?page_id=10' data-title='Offenstall' class='linksalpha_container linksalpha_app_7'><a href='\/\/www.linksalpha.com\/share?network='facebook' class='linksalpha_icon_facebook'><\/a><a href='\/\/www.linksalpha.com\/share?network='twitter' class='linksalpha_icon_twitter'><\/a><a href='\/\/www.linksalpha.com\/share?network='googleplus' class='linksalpha_icon_googleplus'><\/a><a href='\/\/www.linksalpha.com\/share?network='mail' class='linksalpha_icon_mail'><\/a><a href='\/\/www.linksalpha.com\/share?network='whatsapp' class='linksalpha_icon_whatsapp'><\/a><\/div><div data-position='top' data-url='https:\/\/phobosmoon.de\/?page_id=10' data-title='Offenstall' class='linksalpha_container linksalpha_app_6'><\/div>","protected":false},"excerpt":{"rendered":"<p>Warum sollte ein Pferd im Offenstall und nicht wie es doch vielfach zu sehen ist in einer Box leben? Pferde sind ebend keine Menschen, sie leben in freier Wildbahn auch nicht in H\u00f6hlen. Pferde passen sich durch ein ausgefeiltes K\u00f6rpersystem gut unterschiedlichen Temperaturen an. Selbst hohe Temperaturst\u00fcrze stellen meist kein Problem dar. Zur Offenstallhaltung geh\u00f6rt &hellip; <a href=\"https:\/\/phobosmoon.de\/?page_id=10\" class=\"more-link\"><span class=\"screen-reader-text\">Offenstall<\/span> weiterlesen <span class=\"meta-nav\">&rarr;<\/span><\/a><\/p>\n","protected":false},"author":2,"featured_media":1104,"parent":0,"menu_order":0,"comment_status":"closed","ping_status":"open","template":"","meta":[],"_links":{"self":[{"href":"https:\/\/phobosmoon.de\/index.php?rest_route=\/wp\/v2\/pages\/10"}],"collection":[{"href":"https:\/\/phobosmoon.de\/index.php?rest_route=\/wp\/v2\/pages"}],"about":[{"href":"https:\/\/phobosmoon.de\/index.php?rest_route=\/wp\/v2\/types\/page"}],"author":[{"embeddable":true,"href":"https:\/\/phobosmoon.de\/index.php?rest_route=\/wp\/v2\/users\/2"}],"replies":[{"embeddable":true,"href":"https:\/\/phobosmoon.de\/index.php?rest_route=%2Fwp%2Fv2%2Fcomments&post=10"}],"version-history":[{"count":12,"href":"https:\/\/phobosmoon.de\/index.php?rest_route=\/wp\/v2\/pages\/10\/revisions"}],"predecessor-version":[{"id":1386,"href":"https:\/\/phobosmoon.de\/index.php?rest_route=\/wp\/v2\/pages\/10\/revisions\/1386"}],"wp:featuredmedia":[{"embeddable":true,"href":"https:\/\/phobosmoon.de\/index.php?rest_route=\/wp\/v2\/media\/1104"}],"wp:attachment":[{"href":"https:\/\/phobosmoon.de\/index.php?rest_route=%2Fwp%2Fv2%2Fmedia&parent=10"}],"curies":[{"name":"wp","href":"https:\/\/api.w.org\/{rel}","templated":true}]}}